{"id":70,"date":"2014-03-11T14:32:25","date_gmt":"2014-03-11T12:32:25","guid":{"rendered":"http:\/\/web.inspiremedia.sk\/?page_id=70"},"modified":"2024-02-20T12:36:10","modified_gmt":"2024-02-20T12:36:10","slug":"uvod","status":"publish","type":"page","link":"http:\/\/www.apisplastic.sk\/en\/","title":{"rendered":"Home"},"content":{"rendered":"<p>Spolo\u010dnos\u0165 <b>APIS Plastic Slovakia s.r.o. <\/b> vznikla z\u00e1pisom do Obchodn\u00e9ho registra Okresn\u00e9ho s\u00fadu Tren\u010d\u00edn d\u0148a 15. marca 2006.<\/p>\n<p>Predmetom podnikania firmy <b>APIS Plastic Slovakia s.r.o. <\/b> je:<\/p>\n<ul>\n<li>v\u00fdroba v\u00fdrobkov z plastov v prim\u00e1rnej forme v\u00fdroba platn\u00ed, f\u00f3li\u00ed, had\u00edc a profilov z plastov<\/li>\n<li>v\u00fdroba v\u00fdrobkov z plastov pre stavebn\u00edctvo<\/li>\n<li>v\u00fdroba obalov z plastov<\/li>\n<li>v\u00fdroba tovaru z plastov<\/li>\n<li>v\u00fdroba strojov<\/li>\n<li>v\u00fdroba obr\u00e1bac\u00edch strojov<\/li>\n<li>v\u00fdroba rozhlasov\u00fdch a telev\u00edznych vysiela\u010dov, telef\u00f3nnych a \u010falekopisn\u00fdch pr\u00edstrojov<\/li>\n<li>v\u00fdroba rozhlasov\u00fdch a telev\u00edznych prij\u00edma\u010dov, pr\u00edstrojov na z\u00e1znam a reprodukciu zvuku a obrazu<\/li>\n<li>k\u00fapa tovaru na \u00fa\u010dely jeho predaja kone\u010dn\u00e9mu spotrebite\u013eovi (maloobchod) v rozsahu vo\u013enej \u017eivnosti<\/li>\n<li>k\u00fapa tovaru na \u00fa\u010dely jeho predaja in\u00fdm prev\u00e1dzkovate\u013eom \u017eivnosti (ve\u013ekoobchod) v rozsahu vo\u013enej \u017eivnosti<\/li>\n<\/ul>\n<p>Hlavn\u00fdm predmetom podnikania spolo\u010dnosti je v\u00fdroba predmetov z plastov pou\u017e\u00edvan\u00fdch v automobilovom priemysle. Firma s\u00eddli v priemyselnom are\u00e1li v meste Dubnica nad V\u00e1hom, \u010do je z poh\u013eadu jej zamerania na automobilov\u00fd priemysel ve\u013emi v\u00fdhodn\u00e9. V bl\u00edzkosti je dostupn\u00e1 ako dia\u013eni\u010dn\u00e1, tak i \u017eelezni\u010dn\u00e1 sie\u0165. Poloha je perspekt\u00edvna aj z d\u00f4vodu umiestnenia medzi troma hlavn\u00fdmi oblas\u0165ami SR, v ktor\u00fdch p\u00f4sob\u00ed automobilov\u00fd priemysel \u2013 \u017dilina (Kia Motors Slovakia, 65km), Trnava (PSA Peugeot Citroen, 100km) a Bratislava (Wolkswagen, 140km). Spolo\u010dnos\u0165 <b>APIS Plastic Slovakia s.r.o. <\/b> k dne\u0161n\u00e9mu d\u0148u zamestn\u00e1va takmer 400 v\u00fdrobn\u00fdch pracovn\u00edkov a obslu\u017en\u00fdch zamestnancov a 20 administrat\u00edvnych zamestnancov. V\u00fdroba prebieha v trojzmennej prev\u00e1dzke\u00a0 pri 8-hod. zmennosti v\u00fdrobn\u00fdch robotn\u00edkov. Hlavn\u00fa produkciu v\u00fdroby v s\u00fa\u010dasnosti tvoria plastov\u00e9 v\u00fdrobky pre automobilov\u00fd priemysel. Medzi najv\u00e4\u010d\u0161\u00edch odberate\u013eov patr\u00ed prostredn\u00edctvom spolo\u010dnosti SEOYON E-HWA AUTOMOTIVE SLOVAKIA spolo\u010dnos\u0165 KIA Motors Slovakia, s ktorou je podp\u00edsan\u00e1 dlhodob\u00e1 zmluva o dod\u00e1vke v\u00fdrobkov.<\/p>\n<p>&nbsp;<\/p>\n<p>&nbsp;<\/p>\n","protected":false},"excerpt":{"rendered":"<p>Spolo\u010dnos\u0165 APIS Plastic Slovakia s.r.o. vznikla z\u00e1pisom do Obchodn\u00e9ho registra Okresn\u00e9ho s\u00fadu Tren\u010d\u00edn d\u0148a 15. marca 2006. Predmetom podnikania firmy APIS Plastic Slovakia s.r.o. je: v\u00fdroba v\u00fdrobkov z plastov v prim\u00e1rnej forme v\u00fdroba platn\u00ed, f\u00f3li\u00ed, had\u00edc a profilov z plastov v\u00fdroba v\u00fdrobkov z plastov pre stavebn\u00edctvo v\u00fdroba obalov z plastov v\u00fdroba tovaru z plastov v\u00fdroba [&hellip;]<\/p>\n","protected":false},"author":2,"featured_media":0,"parent":0,"menu_order":0,"comment_status":"open","ping_status":"open","template":"templates-pages\/page-home.php","meta":[],"_links":{"self":[{"href":"http:\/\/www.apisplastic.sk\/en\/wp-json\/wp\/v2\/pages\/70"}],"collection":[{"href":"http:\/\/www.apisplastic.sk\/en\/wp-json\/wp\/v2\/pages"}],"about":[{"href":"http:\/\/www.apisplastic.sk\/en\/wp-json\/wp\/v2\/types\/page"}],"author":[{"embeddable":true,"href":"http:\/\/www.apisplastic.sk\/en\/wp-json\/wp\/v2\/users\/2"}],"replies":[{"embeddable":true,"href":"http:\/\/www.apisplastic.sk\/en\/wp-json\/wp\/v2\/comments?post=70"}],"version-history":[{"count":6,"href":"http:\/\/www.apisplastic.sk\/en\/wp-json\/wp\/v2\/pages\/70\/revisions"}],"predecessor-version":[{"id":25499,"href":"http:\/\/www.apisplastic.sk\/en\/wp-json\/wp\/v2\/pages\/70\/revisions\/25499"}],"wp:attachment":[{"href":"http:\/\/www.apisplastic.sk\/en\/wp-json\/wp\/v2\/media?parent=70"}],"curies":[{"name":"wp","href":"https:\/\/api.w.org\/{rel}","templated":true}]}}